{"id":372,"date":"2020-10-23T13:55:40","date_gmt":"2020-10-23T13:55:40","guid":{"rendered":"http:\/\/mirabags.de\/?page_id=372"},"modified":"2020-11-24T14:30:50","modified_gmt":"2020-11-24T14:30:50","slug":"confidentialite","status":"publish","type":"page","link":"https:\/\/mirabags.de\/fr\/confidentialite\/","title":{"rendered":"Confidentialit\u00e9"},"content":{"rendered":"<div class=\"fusion-fullwidth fullwidth-box fusion-builder-row-1 fusion-flex-container nonhundred-percent-fullwidth non-hundred-percent-height-scrolling\" style=\"background-color: rgba(255,255,255,0);background-position: center center;background-repeat: no-repeat;border-width: 0px 0px 0px 0px;border-color:#e2e2e2;border-style:solid;\" ><div class=\"fusion-builder-row fusion-row fusion-flex-align-items-flex-start\" style=\"max-width:936px;margin-left: calc(-4% \/ 2 );margin-right: calc(-4% \/ 2 );\"><div class=\"fusion-layout-column fusion_builder_column fusion-builder-column-0 fusion_builder_column_1_1 1_1 fusion-flex-column\"><div class=\"fusion-column-wrapper fusion-flex-justify-content-flex-start fusion-content-layout-column\" style=\"background-position:left top;background-repeat:no-repeat;-webkit-background-size:cover;-moz-background-size:cover;-o-background-size:cover;background-size:cover;padding: 0px 0px 0px 0px;\"><div class=\"fusion-text fusion-text-1\"><p>Nous traitons uniquement vos donn\u00e9es \u00e0 caract\u00e8re personnel (ci-apr\u00e8s d\u00e9nomm\u00e9es le plus souvent \u00ab\u00a0Donn\u00e9es\u00a0\u00bb) selon les besoins et dans le but de proposer un site internet fonctionnel et convivial, notamment dans son contenu et en termes de services propos\u00e9s.<\/p>\n<p>En vertu de l\u2019art. 4, paragraphe 1, du r\u00e8glement (UE) 2016\/679, le r\u00e8glement de base sur la protection des donn\u00e9es (ci-apr\u00e8s d\u00e9nomm\u00e9 \u00ab\u00a0RGPD\u00a0\u00bb) correspond \u00e0 toute op\u00e9ration ou tout ensemble d\u2019op\u00e9rations effectu\u00e9es avec ou sans proc\u00e9d\u00e9s automatis\u00e9s et appliqu\u00e9s \u00e0 des donn\u00e9es ou des ensembles de donn\u00e9es \u00e0 caract\u00e8re personnel, telles que la collecte, l\u2019enregistrement, l\u2019organisation, la structuration, la conservation, l\u2019adaptation ou la modification, la lecture, la consultation, l\u2019utilisation, la communication par transmission, la diffusion ou tout autre moyen permettant le rapprochement ou l\u2019interconnexion, la limitation, l\u2019effacement ou la destruction.<\/p>\n<p>Notre politique de confidentialit\u00e9 vous fournit principalement des informations relatives \u00e0 la nature, la port\u00e9e, l\u2019objectif, la dur\u00e9e et la base l\u00e9gale du traitement des donn\u00e9es \u00e0 caract\u00e8re personnel, dans la mesure o\u00f9 nous d\u00e9cidons des objectifs et des moyens du traitement, seuls ou avec d\u2019autres partenaires. Nous vous informons \u00e9galement des partenaires tiers avec lesquels nous travaillons \u00e0 des fins d\u2019optimisation et d\u2019augmentation de la qualit\u00e9 d\u2019utilisation, lorsque ces derniers traitent les donn\u00e9es sous leur propre responsabilit\u00e9.<\/p>\n<p>Notre politique de confidentialit\u00e9 est structur\u00e9e comme suit\u00a0:<\/p>\n<p>I. Informations nous concernant en tant que responsables<br \/>II. Droits de l\u2019utilisateur et des parties concern\u00e9es<br \/>III. Informations relatives au traitement des donn\u00e9es<\/p>\n<p><strong>I. Informations nous concernant en tant que responsables<\/strong><\/p>\n<p>En termes de protection des donn\u00e9es, le fournisseur responsable de ce site internet est\u00a0:<\/p>\n<p style=\"white-space: pre-line;\">Ruben Miranda e.K.<br \/>Droits de balle Dottinger Str<\/p>\n<p style=\"white-space: pre-line;\">Mail: <span class=\"inertlink email\">cf. mentions l\u00e9gales<\/span><br \/>Fon: <span class=\"inertlink phone\">cf. mentions l\u00e9gales<\/span><br \/>Fax: <span class=\"inertlink fax\">cf. mentions l\u00e9gales<\/span><\/p>\n<p><strong>II. Droits de l\u2019utilisateur et des parties concern\u00e9es<\/strong><\/p>\n<p>En ce qui concerne le traitement des donn\u00e9es d\u00e9crit ci-dessous plus en d\u00e9tail, les utilisateurs et les personnes concern\u00e9es ont le droit\u00a0:<\/p>\n<ul type=\"disc\">\n<li>D\u2019obtenir la confirmation que les donn\u00e9es sont trait\u00e9es, de savoir quels types de donn\u00e9es sont trait\u00e9s, d\u2019obtenir des informations suppl\u00e9mentaires relatives au traitement des donn\u00e9es et des copies des donn\u00e9es (voir \u00e9galement l\u2019Art. 15 du RGPD)\u00a0;<\/li>\n<li>De pouvoir corriger ou compl\u00e9ter des donn\u00e9es erron\u00e9es ou incompl\u00e8tes (voir l\u2019Art. 16 du RGPD)\u00a0;<\/li>\n<li>De pouvoir supprimer imm\u00e9diatement les donn\u00e9es les concernant (voir \u00e9galement l\u2019Art. 17 du RGPD), ou, de savoir si un traitement suppl\u00e9mentaire, conform\u00e9ment \u00e0 l\u2019Art. 17, paragraphe 3 du RGPD, est requis. De pouvoir limiter le traitement, conform\u00e9ment \u00e0 l\u2019Art. 18 du RGPD\u00a0;<\/li>\n<li>De pouvoir obtenir les donn\u00e9es les concernant et qu\u2019ils ont fournies, et de savoir si ces donn\u00e9es ont \u00e9t\u00e9 transmises \u00e0 d\u2019autres prestataires\/autorit\u00e9s (voir \u00e9galement l\u2019Art. 20 du RGPD)\u00a0;<\/li>\n<li>De d\u00e9poser une plainte aupr\u00e8s des autorit\u00e9s de contr\u00f4le s\u2019ils consid\u00e8rent que le fournisseur viole la r\u00e8glementation en mati\u00e8re de protection des donn\u00e9es (voir \u00e9galement l\u2019Art. 77 du RGPD).<\/li>\n<\/ul>\n<p>En outre, le fournisseur est tenu d\u2019informer tous les destinataires, aupr\u00e8s desquels les donn\u00e9es ont \u00e9t\u00e9 divulgu\u00e9es, de toute modification, suppression de donn\u00e9es ou restriction du traitement, et ce, conform\u00e9ment \u00e0 l\u2019article 16, 17 paragraphes 1, 18 du RGPD. Cependant, cette obligation ne s\u2019applique toutefois pas si la communication des informations s\u2019av\u00e8re impossible ou implique des efforts disproportionn\u00e9s. L\u2019utilisateur a n\u00e9anmoins le droit d\u2019obtenir des informations sur ces destinataires.<\/p>\n<p><strong>De m\u00eame, en vertu de l\u2019Art. 21 du RGPD, les utilisateurs et les personnes concern\u00e9es peuvent s\u2019opposer au traitement ult\u00e9rieur de leurs donn\u00e9es si les donn\u00e9es sont trait\u00e9es par le fournisseur conform\u00e9ment \u00e0 l\u2019Art. 6, paragraphe 1, point f du RGPD. Il est en particulier autoris\u00e9 de s\u2019opposer au traitement des donn\u00e9es \u00e0 des fins de publicit\u00e9 directe.<\/strong><\/p>\n<p><strong>III. Informations relatives au traitement des donn\u00e9es<\/strong><\/p>\n<p>Vos donn\u00e9es trait\u00e9es lors de l\u2019utilisation de notre site internet seront supprim\u00e9es ou bloqu\u00e9es d\u00e8s lors que la raison de leur conservation n\u2019a plus lieu d\u2019\u00eatre, que leur suppression n\u2019entre pas en conflit avec les exigences l\u00e9gales en mati\u00e8re de conservation. Aucune autre information ne sera fournie ult\u00e9rieurement relativement aux m\u00e9thodes de traitement individuelles.<\/p>\n<h4>Donn\u00e9es de serveur<\/h4>\n<p>Pour des raisons techniques, et notamment pour assurer la s\u00e9curit\u00e9 et la stabilit\u00e9 du site internet, les donn\u00e9es nous sont transmises via votre navigateur Internet ou sont transmises \u00e0 notre fournisseur d\u2019espace internet. Les fichiers journaux de serveur collectent\u00a0: le type et la version de votre navigateur internet, votre syst\u00e8me d\u2019exploitation, le site internet \u00e0 partir duquel vous \u00eates arriv\u00e9 sur notre site (URL de r\u00e9f\u00e9rence), le ou les pages de notre site que vous consultez, la date et l\u2019heure de l\u2019acc\u00e8s, et enfin, l\u2019adresse IP de la connexion internet \u00e0 partir de laquelle l\u2019utilisation de notre site a eu lieu.<\/p>\n<p>Ces donn\u00e9es collect\u00e9es seront temporairement conserv\u00e9es, mais ne seront pas partag\u00e9es avec d\u2019autres donn\u00e9es vous concernant.<\/p>\n<p>Cette conservation est effectu\u00e9e selon l\u2019Art. 6, paragraphe 1, point f) du RGPD. Notre int\u00e9r\u00eat est l\u00e9gitime car ces donn\u00e9es participent \u00e0 l\u2019am\u00e9lioration, la stabilit\u00e9, la fonctionnalit\u00e9 et la s\u00e9curit\u00e9 de notre site.<\/p>\n<p>Les donn\u00e9es seront supprim\u00e9es au plus tard au bout de sept jours, sauf si nous devons les conserver plus longtemps \u00e0 titre probatoire. Dans ce cas, tout ou partie des donn\u00e9es sera conserv\u00e9 jusqu\u2019au r\u00e8glement d\u00e9finitif du probl\u00e8me.<\/p>\n<h4>Demandes\/possibilit\u00e9s de contact<\/h4>\n<p>Si vous nous contactez via un formulaire de contact ou par e-mail, les donn\u00e9es fournies seront utilis\u00e9es pour traiter votre demande. Fournir ces donn\u00e9es est n\u00e9cessaire pour traiter votre demande et y r\u00e9pondre : si vous ne les fournissez pas, nous ne pourrons pas r\u00e9pondre ou y r\u00e9pondrons, au mieux, dans la mesure du possible. La base juridique pour ce traitement est l\u2019Art. 6, paragraphe 1, point b) du RGPD. Vos donn\u00e9es seront par la suite supprim\u00e9es, \u00e0 condition que nous ayons r\u00e9pondu \u00e0 votre demande et que la suppression ne viole pas les exigences de conservation l\u00e9gales, par exemple, pour ex\u00e9cuter un contrat ult\u00e9rieurement.<\/p>\n<p><a href=\"https:\/\/www.ratgeberrecht.eu\/leistungen\/muster-datenschutzerklaerung.html\" target=\"_blank\" rel=\"noopener noreferrer\">Exemple de politique de confidentialit\u00e9<\/a> du <a href=\"https:\/\/www.ratgeberrecht.eu\/\" target=\"_blank\" rel=\"noopener noreferrer\">cabinet d\u2019avocats Wei\u00df &amp; Partner<\/a><\/p>\n<\/div><\/div><style type=\"text\/css\">.fusion-body .fusion-builder-column-0{width:100% !important;margin-top : 0px;margin-bottom : 0px;}.fusion-builder-column-0 > .fusion-column-wrapper {padding-top : 0px !important;padding-right : 0px !important;margin-right : 1.92%;padding-bottom : 0px !important;padding-left : 0px !important;margin-left : 1.92%;}@media only screen and (max-width:1024px) {.fusion-body .fusion-builder-column-0{width:100% !important;order : 0;}.fusion-builder-column-0 > .fusion-column-wrapper {margin-right : 1.92%;margin-left : 1.92%;}}@media only screen and (max-width:640px) {.fusion-body .fusion-builder-column-0{width:100% !important;order : 0;}.fusion-builder-column-0 > .fusion-column-wrapper {margin-right : 1.92%;margin-left : 1.92%;}}<\/style><\/div><\/div><style type=\"text\/css\">.fusion-body .fusion-flex-container.fusion-builder-row-1{ padding-top : 4rem;margin-top : 0px;padding-right : 0px;padding-bottom : 0px;margin-bottom : 0px;padding-left : 0px;}<\/style><\/div>","protected":false},"excerpt":{"rendered":"","protected":false},"author":3,"featured_media":0,"parent":0,"menu_order":0,"comment_status":"closed","ping_status":"closed","template":"","meta":{"footnotes":""},"_links":{"self":[{"href":"https:\/\/mirabags.de\/fr\/wp-json\/wp\/v2\/pages\/372"}],"collection":[{"href":"https:\/\/mirabags.de\/fr\/wp-json\/wp\/v2\/pages"}],"about":[{"href":"https:\/\/mirabags.de\/fr\/wp-json\/wp\/v2\/types\/page"}],"author":[{"embeddable":true,"href":"https:\/\/mirabags.de\/fr\/wp-json\/wp\/v2\/users\/3"}],"replies":[{"embeddable":true,"href":"https:\/\/mirabags.de\/fr\/wp-json\/wp\/v2\/comments?post=372"}],"version-history":[{"count":5,"href":"https:\/\/mirabags.de\/fr\/wp-json\/wp\/v2\/pages\/372\/revisions"}],"predecessor-version":[{"id":580,"href":"https:\/\/mirabags.de\/fr\/wp-json\/wp\/v2\/pages\/372\/revisions\/580"}],"wp:attachment":[{"href":"https:\/\/mirabags.de\/fr\/wp-json\/wp\/v2\/media?parent=372"}],"curies":[{"name":"wp","href":"https:\/\/api.w.org\/{rel}","templated":true}]}}