{"id":343,"date":"2020-10-23T13:45:17","date_gmt":"2020-10-23T13:45:17","guid":{"rendered":"http:\/\/mirabags.de\/?page_id=343"},"modified":"2026-04-01T05:39:16","modified_gmt":"2026-04-01T05:39:16","slug":"mentions-legales","status":"publish","type":"page","link":"https:\/\/mirabags.de\/fr\/mentions-legales\/","title":{"rendered":"Mentions l\u00e9gales"},"content":{"rendered":"<div class=\"fusion-fullwidth fullwidth-box fusion-builder-row-1 fusion-flex-container nonhundred-percent-fullwidth non-hundred-percent-height-scrolling\" style=\"background-color: rgba(255,255,255,0);background-position: center center;background-repeat: no-repeat;border-width: 0px 0px 0px 0px;border-color:#e2e2e2;border-style:solid;\" ><div class=\"fusion-builder-row fusion-row fusion-flex-align-items-flex-start\" style=\"max-width:936px;margin-left: calc(-4% \/ 2 );margin-right: calc(-4% \/ 2 );\"><div class=\"fusion-layout-column fusion_builder_column fusion-builder-column-0 fusion_builder_column_1_1 1_1 fusion-flex-column\"><div class=\"fusion-column-wrapper fusion-flex-justify-content-flex-start fusion-content-layout-column\" style=\"background-position:left top;background-repeat:no-repeat;-webkit-background-size:cover;-moz-background-size:cover;-o-background-size:cover;background-size:cover;padding: 0px 0px 0px 0px;\"><u>Informations selon \u00a7 5 TMG:<\/u>\n\n<p>\nMirabags<br \/>\nPropri\u00e9taire Ruben Miranda e.K.<br \/>\nAuf dem Graben 3A<br \/>\nD-79219 Staufen\n<\/p>\n\n<u>Contact:<\/u>\n\n<p>\nT\u00e9l\u00e9phone:\u00a0<span class=\"inertlink phone\">Aktivez JavaScript s. v. p.<\/span><br \/>\nE-Mail: <span class=\"inertlink email\">Aktivez JavaScript s. v. p.<\/span>\n<\/p>\n\n\n<u>Inscription au registre du commerce.<\/u>\n\n<p>\nCour de registre: Amtsgericht Freiburg<br \/>\nNum\u00e9ro d'inscription: HRA 704792\n<\/p>\n\n<u>TVA:<\/u>\n<p>\nNum\u00e9ro d'identification de la taxe de vente conform\u00e9ment au \u00a727 de la loi sur la taxe de vente:<br \/>\nDE 308 722 255\n<\/p>\n\n<u>R\u00e8glement des diff\u00e9rends:<\/u>\n<p>\nLa Commission europ\u00e9enne fournit une plate-forme de r\u00e9solution des litiges en ligne (https:\/\/ec.europa.eu\/consumers\/odr).\n<br \/>\nNotre adresse e-mail se trouve ci-dessus dans l'empreinte.\n<br \/><br \/>\nNous ne souhaitons ni ne sommes oblig\u00e9s de participer aux proc\u00e9dures de r\u00e8glement des litiges devant un conseil d'arbitrage de consommation.\n<\/p>\n\n<u>Responsabilit\u00e9 pour le contenu:<\/u>\n<p>\nEn tant que prestataire de services, nous sommes responsables, conform\u00e9ment au \u00a7 7 Abs.1 du TMG, de son propre contenu, conform\u00e9ment \u00e0 la l\u00e9gislation g\u00e9n\u00e9rale. Conform\u00e9ment aux \u00a7 8 \u00e0 10 de la TMG, en tant que fournisseur de services, nous ne sommes toutefois pas oblig\u00e9s de surveiller les informations externes transmises ou stock\u00e9es, ni d\u2019enqu\u00eater sur les circonstances qui indiquent une activit\u00e9 ill\u00e9gale.\n<br \/><br \/>\nLes obligations de supprimer ou de bloquer l'utilisation d'informations en vertu du droit g\u00e9n\u00e9ral restent inchang\u00e9es. Cependant, la responsabilit\u00e9 \u00e0 cet \u00e9gard n\u2019est possible qu\u2019\u00e0 partir du moment o\u00f9 une infraction sp\u00e9cifique est connue. D\u00e8s notification des violations appropri\u00e9es, nous supprimerons ce contenu imm\u00e9diatement.\n<\/p>\n\n\n<u>Responsabilit\u00e9 pour les liens:<\/u>\n<p>\nNotre offre contient des liens vers des sites externes de tiers sur le contenu desquels nous n'avons aucune influence. Par cons\u00e9quent, nous ne pouvons assumer aucune responsabilit\u00e9 pour ces contenus externes. Le contenu des pages li\u00e9es est toujours la responsabilit\u00e9 du fournisseur ou de l'op\u00e9rateur des pages. Les pages li\u00e9es ont \u00e9t\u00e9 v\u00e9rifi\u00e9es pour d\u00e9tecter d'\u00e9ventuelles violations de la loi au moment de la liaison. Le contenu ill\u00e9gal n'\u00e9tait pas reconnaissable au moment de la cr\u00e9ation du lien.\n<br \/><br \/>\nToutefois, un contr\u00f4le permanent du contenu des pages li\u00e9es n\u2019est pas raisonnable sans preuves concr\u00e8tes d\u2019une violation du droit. Lors de la notification des violations, nous supprimerons ces liens imm\u00e9diatement.\n<\/p>\n\n<u>Copyright:<\/u>\n<p>\nLe contenu et les travaux sur ces pages cr\u00e9\u00e9s par les exploitants du site sont soumis au droit d'auteur allemand. La duplication, le traitement, la distribution et toute forme d'exploitation en dehors des limites du droit d'auteur n\u00e9cessitent le consentement \u00e9crit de l'auteur ou du cr\u00e9ateur concern\u00e9. Les t\u00e9l\u00e9chargements et les copies de ce site sont r\u00e9serv\u00e9s \u00e0 un usage priv\u00e9 et non commercial.\n<br \/><br \/>\nDans la mesure o\u00f9 le contenu de ce c\u00f4t\u00e9 n'a pas \u00e9t\u00e9 cr\u00e9\u00e9 par l'op\u00e9rateur, les droits d'auteur de tiers sont pris en compte. En particulier, le contenu de tiers est identifi\u00e9 comme tel. Si vous \u00eates toujours au courant d'une violation du droit d'auteur, nous vous demanderons une note. Lors de la notification des violations, nous supprimerons ce contenu imm\u00e9diatement.\n<\/p><\/div><style type=\"text\/css\">.fusion-body .fusion-builder-column-0{width:100% !important;margin-top : 0px;margin-bottom : 0px;}.fusion-builder-column-0 > .fusion-column-wrapper {padding-top : 0px !important;padding-right : 0px !important;margin-right : 1.92%;padding-bottom : 0px !important;padding-left : 0px !important;margin-left : 1.92%;}@media only screen and (max-width:1024px) {.fusion-body .fusion-builder-column-0{width:100% !important;order : 0;}.fusion-builder-column-0 > .fusion-column-wrapper {margin-right : 1.92%;margin-left : 1.92%;}}@media only screen and (max-width:640px) {.fusion-body .fusion-builder-column-0{width:100% !important;order : 0;}.fusion-builder-column-0 > .fusion-column-wrapper {margin-right : 1.92%;margin-left : 1.92%;}}<\/style><\/div><\/div><style type=\"text\/css\">.fusion-body .fusion-flex-container.fusion-builder-row-1{ padding-top : 8rem;margin-top : 0px;padding-right : 0px;padding-bottom : 0px;margin-bottom : 0px;padding-left : 0px;}<\/style><\/div>\n","protected":false},"excerpt":{"rendered":"","protected":false},"author":3,"featured_media":0,"parent":0,"menu_order":0,"comment_status":"closed","ping_status":"closed","template":"","meta":{"footnotes":""},"_links":{"self":[{"href":"https:\/\/mirabags.de\/fr\/wp-json\/wp\/v2\/pages\/343"}],"collection":[{"href":"https:\/\/mirabags.de\/fr\/wp-json\/wp\/v2\/pages"}],"about":[{"href":"https:\/\/mirabags.de\/fr\/wp-json\/wp\/v2\/types\/page"}],"author":[{"embeddable":true,"href":"https:\/\/mirabags.de\/fr\/wp-json\/wp\/v2\/users\/3"}],"replies":[{"embeddable":true,"href":"https:\/\/mirabags.de\/fr\/wp-json\/wp\/v2\/comments?post=343"}],"version-history":[{"count":5,"href":"https:\/\/mirabags.de\/fr\/wp-json\/wp\/v2\/pages\/343\/revisions"}],"predecessor-version":[{"id":865,"href":"https:\/\/mirabags.de\/fr\/wp-json\/wp\/v2\/pages\/343\/revisions\/865"}],"wp:attachment":[{"href":"https:\/\/mirabags.de\/fr\/wp-json\/wp\/v2\/media?parent=343"}],"curies":[{"name":"wp","href":"https:\/\/api.w.org\/{rel}","templated":true}]}}